{"id":318,"date":"2025-12-06T14:39:49","date_gmt":"2025-12-06T14:39:49","guid":{"rendered":"https:\/\/dpsg-hassfurt.de\/?page_id=318"},"modified":"2025-12-09T17:24:12","modified_gmt":"2025-12-09T17:24:12","slug":"impressum","status":"publish","type":"page","link":"https:\/\/dpsg-hassfurt.de\/?page_id=318","title":{"rendered":"Impressum"},"content":{"rendered":"\t\t<div data-elementor-type=\"wp-page\" data-elementor-id=\"318\" class=\"elementor elementor-318\">\n\t\t\t\t<div class=\"elementor-element elementor-element-2a691e0 e-flex e-con-boxed wpr-particle-no wpr-jarallax-no wpr-parallax-no wpr-sticky-section-no e-con e-parent\" data-id=\"2a691e0\" data-element_type=\"container\">\n\t\t\t\t\t<div class=\"e-con-inner\">\n\t\t\t\t<div class=\"elementor-element elementor-element-c7f5148 elementor-widget elementor-widget-text-editor\" data-id=\"c7f5148\" data-element_type=\"widget\" data-widget_type=\"text-editor.default\">\n\t\t\t\t\t\t\t\t\t<h1 data-start=\"233\" data-end=\"250\"><strong data-start=\"235\" data-end=\"248\">Impressum<\/strong><\/h1>\n<p data-start=\"251\" data-end=\"276\"><strong data-start=\"251\" data-end=\"276\">Angaben gem\u00e4\u00df \u00a7 5 DDG<\/strong><\/p>\n<p data-start=\"278\" data-end=\"382\"><strong data-start=\"278\" data-end=\"350\">Verein f\u00fcr Jugendpflege Sankt Georg e.V., Stamm Lichtenstein-Ha\u00dffurt<\/strong><br data-start=\"350\" data-end=\"353\" \/>Hauptstra\u00dfe 1<br data-start=\"366\" data-end=\"369\" \/>97437 Ha\u00dffurt<\/p>\n\n\n<hr data-start=\"384\" data-end=\"387\" \/>\n\n<h2 data-start=\"389\" data-end=\"428\"><strong data-start=\"392\" data-end=\"428\">Vertretungsberechtigter Vorstand<\/strong><\/h2>\n<p data-start=\"430\" data-end=\"528\"><strong data-start=\"430\" data-end=\"449\">1. Vorsitzender<\/strong><br data-start=\"449\" data-end=\"452\" \/>Aaron Krapf<br data-start=\"463\" data-end=\"466\" \/>Zirkelstra\u00dfe 21<br data-start=\"481\" data-end=\"484\" \/>97437 Ha\u00dffurt<br data-start=\"497\" data-end=\"500\" \/>E-Mail: <a class=\"decorated-link cursor-pointer\" rel=\"noopener\" data-start=\"508\" data-end=\"526\">aaron.krapf@gmx.de<\/a><\/p>\n<p data-start=\"530\" data-end=\"631\"><strong data-start=\"530\" data-end=\"549\">2. Vorsitzender<\/strong><br data-start=\"549\" data-end=\"552\" \/>Julian Ort<br data-start=\"562\" data-end=\"565\" \/>Ringstra\u00dfe 16<br data-start=\"578\" data-end=\"581\" \/>97531 Obertheres<br data-start=\"597\" data-end=\"600\" \/>E-Mail: <a class=\"decorated-link cursor-pointer\" rel=\"noopener\" data-start=\"608\" data-end=\"629\">ort.julian@outlook.de<\/a><\/p>\n\n\n<hr data-start=\"633\" data-end=\"636\" \/>\n\n<h2 data-start=\"638\" data-end=\"660\"><strong data-start=\"641\" data-end=\"660\">Registereintrag<\/strong><\/h2>\n<p data-start=\"662\" data-end=\"759\">Eintragung im Vereinsregister<br data-start=\"691\" data-end=\"694\" \/>Registergericht: Amtsgericht Bamberg<br data-start=\"730\" data-end=\"733\" \/>Registernummer: VR 20568<\/p>\n\n\n<hr data-start=\"761\" data-end=\"764\" \/>\n\n<h2 data-start=\"766\" data-end=\"824\"><strong data-start=\"769\" data-end=\"824\">Verantwortlich f\u00fcr den Inhalt nach \u00a7 55 Abs. 2 RStV<\/strong><\/h2>\n<p data-start=\"826\" data-end=\"861\">Oliver Hochrein<br data-start=\"841\" data-end=\"844\" \/>&amp;<br data-start=\"845\" data-end=\"848\" \/>Elias Krapf<\/p>\n\n\n<hr data-start=\"863\" data-end=\"866\" \/>\n\n<h2 data-start=\"868\" data-end=\"894\"><strong data-start=\"871\" data-end=\"894\">Haftung f\u00fcr Inhalte<\/strong><\/h2>\n<p data-start=\"896\" data-end=\"1413\">Die Inhalte unserer Seiten wurden mit gr\u00f6\u00dfter Sorgfalt erstellt. F\u00fcr die Richtigkeit, Vollst\u00e4ndigkeit und Aktualit\u00e4t der Inhalte \u00fcbernehmen wir jedoch keine Gew\u00e4hr. Als Diensteanbieter sind wir gem\u00e4\u00df \u00a7 7 Abs. 1 TMG \/ DDG f\u00fcr eigene Inhalte auf diesen Seiten nach den allgemeinen Gesetzen verantwortlich.<br data-start=\"1199\" data-end=\"1202\" \/>Nach \u00a7\u00a7 8 bis 10 TMG \/ DDG sind wir jedoch nicht verpflichtet, \u00fcbermittelte oder gespeicherte fremde Informationen zu \u00fcberwachen oder nach Umst\u00e4nden zu forschen, die auf eine rechtswidrige T\u00e4tigkeit hinweisen.<\/p>\n<p data-start=\"1415\" data-end=\"1737\">Verpflichtungen zur Entfernung oder Sperrung der Nutzung von Informationen nach den allgemeinen Gesetzen bleiben hiervon unber\u00fchrt. Eine Haftung ist jedoch erst ab dem Zeitpunkt der Kenntnis einer konkreten Rechtsverletzung m\u00f6glich. Bei Bekanntwerden entsprechender Rechtsverletzungen entfernen wir diese Inhalte umgehend.<\/p>\n\n\n<hr data-start=\"1739\" data-end=\"1742\" \/>\n\n<h2 data-start=\"1744\" data-end=\"1768\"><strong data-start=\"1747\" data-end=\"1768\">Haftung f\u00fcr Links<\/strong><\/h2>\n<p data-start=\"1770\" data-end=\"2188\">Unser Angebot enth\u00e4lt Links zu externen Webseiten Dritter, auf deren Inhalte wir keinen Einfluss haben. F\u00fcr diese fremden Inhalte \u00fcbernehmen wir daher keine Gew\u00e4hr.<br data-start=\"1934\" data-end=\"1937\" \/>F\u00fcr die Inhalte der verlinkten Seiten ist ausschlie\u00dflich der jeweilige Anbieter oder Betreiber verantwortlich.<br data-start=\"2047\" data-end=\"2050\" \/>Zum Zeitpunkt der Verlinkung wurden die Seiten auf m\u00f6gliche Rechtsverst\u00f6\u00dfe \u00fcberpr\u00fcft; rechtswidrige Inhalte waren dabei nicht erkennbar.<\/p>\n<p data-start=\"2190\" data-end=\"2408\">Eine dauerhafte inhaltliche Kontrolle verlinkter Seiten ist ohne konkrete Anhaltspunkte einer Rechtsverletzung nicht zumutbar. Bei Bekanntwerden rechtswidriger Inhalte werden wir derartige Links unverz\u00fcglich entfernen.<\/p>\n\n\n<hr data-start=\"2410\" data-end=\"2413\" \/>\n\n<h2 data-start=\"2415\" data-end=\"2434\"><strong data-start=\"2418\" data-end=\"2434\">Urheberrecht<\/strong><\/h2>\n<p data-start=\"2436\" data-end=\"2746\">Die durch die Seitenbetreiber erstellten Inhalte und Werke auf diesen Seiten unterliegen dem deutschen Urheberrecht.<br data-start=\"2552\" data-end=\"2555\" \/>Vervielf\u00e4ltigung, Bearbeitung, Verbreitung sowie jede Art der Verwertung au\u00dferhalb der Grenzen des Urheberrechts bed\u00fcrfen der schriftlichen Zustimmung des jeweiligen Autors bzw. Erstellers.<\/p>\n<p data-start=\"2748\" data-end=\"2999\">Downloads und Kopien dieser Seite sind nur f\u00fcr den privaten, nicht kommerziellen Gebrauch gestattet.<br data-start=\"2848\" data-end=\"2851\" \/>Soweit Inhalte nicht vom Betreiber erstellt wurden, werden die Urheberrechte Dritter beachtet und entsprechende Inhalte als solche gekennzeichnet.<\/p>\n<p data-start=\"3001\" data-end=\"3173\">Sollten Sie dennoch eine Urheberrechtsverletzung feststellen, bitten wir um einen entsprechenden Hinweis. Bei Bekanntwerden werden wir derartige Inhalte umgehend entfernen.<\/p>\n\n\n<hr data-start=\"3175\" data-end=\"3178\" \/>\n\n<h2 data-start=\"3180\" data-end=\"3198\"><strong data-start=\"3183\" data-end=\"3198\">Datenschutz<\/strong><\/h2>\n<p data-start=\"3200\" data-end=\"3327\">F\u00fcr Anfragen zum Datenschutz kontaktieren Sie uns bitte \u00fcber unser Instagram-Profil:<br data-start=\"3284\" data-end=\"3287\" \/><a style=\"color: #800001\" class=\"decorated-link\" href=\"https:\/\/www.instagram.com\/pfadfinder_has\" target=\"_new\" rel=\"noopener\" data-start=\"3287\" data-end=\"3327\">https:\/\/www.instagram.com\/pfadfinder_has<\/a><\/p>\t\t\t\t\t\t\t\t<\/div>\n\t\t\t\t\t<\/div>\n\t\t\t\t<\/div>\n\t\t\t\t<\/div>\n\t\t","protected":false},"excerpt":{"rendered":"<p>Impressum Angaben gem\u00e4\u00df \u00a7 5 DDG Verein f\u00fcr Jugendpflege Sankt Georg e.V., Stamm Lichtenstein-Ha\u00dffurtHauptstra\u00dfe 197437 Ha\u00dffurt Vertretungsberechtigter Vorstand 1. VorsitzenderAaron KrapfZirkelstra\u00dfe 2197437 Ha\u00dffurtE-Mail: aaron.krapf@gmx.de 2. VorsitzenderJulian OrtRingstra\u00dfe 1697531 ObertheresE-Mail: ort.julian@outlook.de Registereintrag Eintragung im VereinsregisterRegistergericht: Amtsgericht BambergRegisternummer: VR 20568 Verantwortlich f\u00fcr den Inhalt nach \u00a7 55 Abs. 2 RStV Oliver Hochrein&amp;Elias Krapf Haftung f\u00fcr Inhalte Die Inhalte unserer Seiten wurden mit gr\u00f6\u00dfter Sorgfalt erstellt. F\u00fcr die Richtigkeit, Vollst\u00e4ndigkeit und Aktualit\u00e4t der Inhalte \u00fcbernehmen wir jedoch keine Gew\u00e4hr. Als Diensteanbieter sind wir gem\u00e4\u00df \u00a7 7 Abs. 1 TMG \/ DDG f\u00fcr eigene Inhalte auf diesen Seiten nach den allgemeinen Gesetzen verantwortlich.Nach \u00a7\u00a7 8 bis 10 TMG \/ DDG sind wir jedoch nicht verpflichtet, \u00fcbermittelte oder gespeicherte fremde Informationen zu \u00fcberwachen oder nach Umst\u00e4nden zu forschen, die auf eine rechtswidrige T\u00e4tigkeit hinweisen. Verpflichtungen zur Entfernung oder Sperrung der Nutzung von Informationen nach den allgemeinen Gesetzen bleiben hiervon unber\u00fchrt. Eine Haftung ist jedoch erst ab dem Zeitpunkt der Kenntnis einer konkreten Rechtsverletzung m\u00f6glich. Bei Bekanntwerden entsprechender Rechtsverletzungen entfernen wir diese Inhalte umgehend. Haftung f\u00fcr Links Unser Angebot enth\u00e4lt Links zu externen Webseiten Dritter, auf deren Inhalte wir keinen Einfluss haben. F\u00fcr diese fremden Inhalte \u00fcbernehmen wir daher keine Gew\u00e4hr.F\u00fcr die Inhalte der verlinkten Seiten ist ausschlie\u00dflich der jeweilige Anbieter oder Betreiber verantwortlich.Zum Zeitpunkt der Verlinkung wurden die Seiten auf m\u00f6gliche Rechtsverst\u00f6\u00dfe \u00fcberpr\u00fcft; rechtswidrige Inhalte waren dabei nicht erkennbar. Eine dauerhafte inhaltliche Kontrolle verlinkter Seiten ist ohne konkrete Anhaltspunkte einer Rechtsverletzung nicht zumutbar. Bei Bekanntwerden rechtswidriger Inhalte werden wir derartige Links unverz\u00fcglich entfernen. Urheberrecht Die durch die Seitenbetreiber erstellten Inhalte und Werke auf diesen Seiten unterliegen dem deutschen Urheberrecht.Vervielf\u00e4ltigung, Bearbeitung, Verbreitung sowie jede Art der Verwertung au\u00dferhalb der Grenzen des Urheberrechts bed\u00fcrfen der schriftlichen Zustimmung des jeweiligen Autors bzw. Erstellers. Downloads und Kopien dieser Seite sind nur f\u00fcr den privaten, nicht kommerziellen Gebrauch gestattet.Soweit Inhalte nicht vom Betreiber erstellt wurden, werden die Urheberrechte Dritter beachtet und entsprechende Inhalte als solche gekennzeichnet. Sollten Sie dennoch eine Urheberrechtsverletzung feststellen, bitten wir um einen entsprechenden Hinweis. Bei Bekanntwerden werden wir derartige Inhalte umgehend entfernen. Datenschutz F\u00fcr Anfragen zum Datenschutz kontaktieren Sie uns bitte \u00fcber unser Instagram-Profil:https:\/\/www.instagram.com\/pfadfinder_has<\/p>\n","protected":false},"author":1,"featured_media":0,"parent":0,"menu_order":0,"comment_status":"closed","ping_status":"closed","template":"elementor_canvas","meta":{"footnotes":""},"class_list":["post-318","page","type-page","status-publish","hentry"],"_links":{"self":[{"href":"https:\/\/dpsg-hassfurt.de\/index.php?rest_route=\/wp\/v2\/pages\/318","targetHints":{"allow":["GET"]}}],"collection":[{"href":"https:\/\/dpsg-hassfurt.de\/index.php?rest_route=\/wp\/v2\/pages"}],"about":[{"href":"https:\/\/dpsg-hassfurt.de\/index.php?rest_route=\/wp\/v2\/types\/page"}],"author":[{"embeddable":true,"href":"https:\/\/dpsg-hassfurt.de\/index.php?rest_route=\/wp\/v2\/users\/1"}],"replies":[{"embeddable":true,"href":"https:\/\/dpsg-hassfurt.de\/index.php?rest_route=%2Fwp%2Fv2%2Fcomments&post=318"}],"version-history":[{"count":10,"href":"https:\/\/dpsg-hassfurt.de\/index.php?rest_route=\/wp\/v2\/pages\/318\/revisions"}],"predecessor-version":[{"id":448,"href":"https:\/\/dpsg-hassfurt.de\/index.php?rest_route=\/wp\/v2\/pages\/318\/revisions\/448"}],"wp:attachment":[{"href":"https:\/\/dpsg-hassfurt.de\/index.php?rest_route=%2Fwp%2Fv2%2Fmedia&parent=318"}],"curies":[{"name":"wp","href":"https:\/\/api.w.org\/{rel}","templated":true}]}}