{"id":8,"date":"2024-05-20T07:54:36","date_gmt":"2024-05-20T07:54:36","guid":{"rendered":"https:\/\/demosites.royal-elementor-addons.com\/graphic-nature-v1\/?page_id=7"},"modified":"2026-01-09T19:02:39","modified_gmt":"2026-01-09T19:02:39","slug":"home-graphic-nature-v1","status":"publish","type":"page","link":"https:\/\/dpsg-hassfurt.de\/","title":{"rendered":"Home"},"content":{"rendered":"\t\t<div data-elementor-type=\"wp-page\" data-elementor-id=\"8\" class=\"elementor elementor-8\">\n\t\t\t\t<div class=\"elementor-element elementor-element-3083d6f e-flex e-con-boxed wpr-jarallax-no wpr-parallax-no wpr-sticky-section-no e-con e-parent\" data-id=\"3083d6f\" data-element_type=\"container\" data-settings=\"{&quot;background_background&quot;:&quot;classic&quot;}\">\n\t\t\t\t\t<div class=\"e-con-inner\">\n\t\t\t\t<div class=\"elementor-element elementor-element-297221e wpr-fancy-text-push wpr-advanced-text-style-animated wpr-animated-text-infinite-yes elementor-invisible elementor-widget elementor-widget-wpr-advanced-text\" data-id=\"297221e\" data-element_type=\"widget\" data-settings=\"{&quot;_animation&quot;:&quot;zoomIn&quot;,&quot;anim_loop&quot;:&quot;yes&quot;}\" data-widget_type=\"wpr-advanced-text.default\">\n\t\t\t\t\t\n\t\t<h1 class=\"wpr-advanced-text\">\n\n\t\t\t\t\t\n\t\t\t\t\t\t\t<span class=\"wpr-advanced-text-preffix\">Pfadfinder-Ha\u00dffurt<br><\/span>\n\t\t\t\n\t\t<span class=\"wpr-anim-text wpr-anim-text-type-push\" data-anim-duration=\"1000,2000\" data-anim-loop=\"yes\">\n\t\t\t<span class=\"wpr-anim-text-inner\">\n\t\t\t\t\t\t\t\t\t<b>\ud83e\udded Verantwortung \u00fcbernehmen<\/b>\n\t\t\t\t\t\t\t\t\t<b>\ud83d\udd25 Freundschaft leben<\/b>\n\t\t\t\t\t\t\t\t\t<b>\ud83c\udf92 Neues entdecken<\/b>\n\t\t\t\t\t\t\t\t\t<b>\ud83e\udd1d Hilfsbereit sein<\/b>\n\t\t\t\t\t\t\t<\/span>\n\t\t\t\t\t<\/span>\n\n\t\t\t\t\n\t\t<\/h1>\n\t\t\n\t\t\t\t\t\t<\/div>\n\t\t\t\t<div class=\"elementor-element elementor-element-83aa4b5 wpr-fancy-text-push elementor-hidden-desktop elementor-hidden-laptop elementor-hidden-tablet elementor-hidden-mobile wpr-advanced-text-style-animated wpr-animated-text-infinite-yes elementor-invisible elementor-widget elementor-widget-wpr-advanced-text\" data-id=\"83aa4b5\" data-element_type=\"widget\" data-settings=\"{&quot;_animation&quot;:&quot;zoomIn&quot;,&quot;anim_loop&quot;:&quot;yes&quot;}\" data-widget_type=\"wpr-advanced-text.default\">\n\t\t\t\t\t\n\t\t<h1 class=\"wpr-advanced-text\">\n\n\t\t\t\t\t\n\t\t\t\t\t\t\t<span class=\"wpr-advanced-text-preffix\">Christbaum-Aktion<br><\/span>\n\t\t\t\n\t\t<span class=\"wpr-anim-text wpr-anim-text-type-push\" data-anim-duration=\"1000,2000\" data-anim-loop=\"yes\">\n\t\t\t<span class=\"wpr-anim-text-inner\">\n\t\t\t\t\t\t\t\t\t<b>Auch dieses Jahr wieder \ud83c\udf84<\/b>\n\t\t\t\t\t\t\t<\/span>\n\t\t\t\t\t<\/span>\n\n\t\t\t\t\n\t\t<\/h1>\n\t\t\n\t\t\t\t\t\t<\/div>\n\t\t\t\t<div class=\"elementor-element elementor-element-f0af0c0 elementor-hidden-desktop elementor-hidden-laptop elementor-hidden-tablet elementor-hidden-mobile wpr-button-icon-style-inline wpr-button-icon-position-right elementor-invisible elementor-widget elementor-widget-wpr-button\" data-id=\"f0af0c0\" data-element_type=\"widget\" data-settings=\"{&quot;_animation&quot;:&quot;zoomIn&quot;,&quot;_animation_delay&quot;:100}\" data-widget_type=\"wpr-button.default\">\n\t\t\t\t\t\t\n\t\t\t\n\t\t\n\t\t<div class=\"wpr-button-wrap elementor-clearfix\">\n\t\t<div class=\"wpr-button wpr-button-effect wpr-button-none\" data-text=\"\" id=\"tree-button\">\n\t\t\t\n\t\t\t<span class=\"wpr-button-content\">\n\t\t\t\t\t\t\t\t\t<span class=\"wpr-button-text\">Christbaum anmelden<\/span>\n\t\t\t\t\t\t\t\t\n\t\t\t\t\t\t\t<\/span>\n\t\t<\/div>\n\n\t\t\t\t<\/div>\n\t\n\t\n\t\t\t\t\t<\/div>\n\t\t\t\t\t<\/div>\n\t\t\t\t<\/div>\n\t\t<div class=\"elementor-element elementor-element-37d657e e-flex e-con-boxed wpr-particle-no wpr-jarallax-no wpr-parallax-no wpr-sticky-section-no e-con e-parent\" data-id=\"37d657e\" data-element_type=\"container\">\n\t\t\t\t\t<div class=\"e-con-inner\">\n\t\t<div class=\"elementor-element elementor-element-e5b3b11 e-flex e-con-boxed wpr-particle-no wpr-jarallax-no wpr-parallax-no wpr-sticky-section-no elementor-invisible e-con e-child\" data-id=\"e5b3b11\" data-element_type=\"container\" data-settings=\"{&quot;animation&quot;:&quot;slideInLeft&quot;}\">\n\t\t\t\t\t<div class=\"e-con-inner\">\n\t\t\t\t<div class=\"elementor-element elementor-element-71bb8a7 elementor-widget elementor-widget-image\" data-id=\"71bb8a7\" data-element_type=\"widget\" data-widget_type=\"image.default\">\n\t\t\t\t\t\t\t\t\t\t\t\t\t\t\t<img fetchpriority=\"high\" decoding=\"async\" width=\"960\" height=\"540\" src=\"https:\/\/dpsg-hassfurt.de\/wp-content\/uploads\/2025\/11\/DJI_0166-1024x576.jpeg\" class=\"attachment-large size-large wp-image-225\" alt=\"\" srcset=\"https:\/\/dpsg-hassfurt.de\/wp-content\/uploads\/2025\/11\/DJI_0166-1024x576.jpeg 1024w, https:\/\/dpsg-hassfurt.de\/wp-content\/uploads\/2025\/11\/DJI_0166-300x169.jpeg 300w, https:\/\/dpsg-hassfurt.de\/wp-content\/uploads\/2025\/11\/DJI_0166-768x432.jpeg 768w, https:\/\/dpsg-hassfurt.de\/wp-content\/uploads\/2025\/11\/DJI_0166-1536x864.jpeg 1536w, https:\/\/dpsg-hassfurt.de\/wp-content\/uploads\/2025\/11\/DJI_0166-2048x1152.jpeg 2048w\" sizes=\"(max-width: 960px) 100vw, 960px\" \/>\t\t\t\t\t\t\t\t\t\t\t\t\t\t\t<\/div>\n\t\t\t\t\t<\/div>\n\t\t\t\t<\/div>\n\t\t<div class=\"elementor-element elementor-element-9af76c6 e-flex e-con-boxed wpr-particle-no wpr-jarallax-no wpr-parallax-no wpr-sticky-section-no elementor-invisible e-con e-child\" data-id=\"9af76c6\" data-element_type=\"container\" data-settings=\"{&quot;animation&quot;:&quot;slideInRight&quot;}\">\n\t\t\t\t\t<div class=\"e-con-inner\">\n\t\t\t\t<div class=\"elementor-element elementor-element-0a6b97f elementor-widget elementor-widget-heading\" data-id=\"0a6b97f\" data-element_type=\"widget\" data-widget_type=\"heading.default\">\n\t\t\t\t\t<h2 class=\"elementor-heading-title elementor-size-default\">\u00dcber uns<\/h2>\t\t\t\t<\/div>\n\t\t\t\t<div class=\"elementor-element elementor-element-164d751 elementor-widget elementor-widget-text-editor\" data-id=\"164d751\" data-element_type=\"widget\" data-widget_type=\"text-editor.default\">\n\t\t\t\t\t\t\t\t\t<p data-start=\"62\" data-end=\"413\">Wir sind die Pfadfinder Ha\u00dffurt \u2013 eine lebendige Gemeinschaft aus Kindern, Jugendlichen und engagierten Leiter*innen, die Abenteuer, Zusammenhalt und pers\u00f6nliche Entwicklung in den Mittelpunkt stellt. In unseren Altersstufen vermitteln wir spielerisch Werte wie Verantwortung, Teamgeist und gegenseitigen Respekt.<\/p><p data-start=\"415\" data-end=\"750\" data-is-last-node=\"\" data-is-only-node=\"\">Ob bei w\u00f6chentlichen Gruppenstunden, kreativen Projekten oder erlebnisreichen Fahrten: Wir schaffen R\u00e4ume, in denen junge Menschen wachsen, ihre St\u00e4rken entdecken und wertvolle Erfahrungen sammeln k\u00f6nnen. Als Teil der weltweiten Pfadfinderbewegung leben wir aktive Gemeinschaft, helfen mit und gestalten unsere Umgebung nachhaltig mit.<\/p>\t\t\t\t\t\t\t\t<\/div>\n\t\t\t\t\t<\/div>\n\t\t\t\t<\/div>\n\t\t\t\t\t<\/div>\n\t\t\t\t<\/div>\n\t\t<div class=\"elementor-element elementor-element-a15447e e-flex e-con-boxed wpr-particle-no wpr-jarallax-no wpr-parallax-no wpr-sticky-section-no e-con e-parent\" data-id=\"a15447e\" data-element_type=\"container\">\n\t\t\t\t\t<div class=\"e-con-inner\">\n\t\t<div class=\"elementor-element elementor-element-71c7a64 e-flex e-con-boxed wpr-particle-no wpr-jarallax-no wpr-parallax-no wpr-sticky-section-no e-con e-child\" data-id=\"71c7a64\" data-element_type=\"container\">\n\t\t\t\t\t<div class=\"e-con-inner\">\n\t\t\t\t<div class=\"elementor-element elementor-element-bc6772d elementor-widget elementor-widget-heading\" data-id=\"bc6772d\" data-element_type=\"widget\" data-widget_type=\"heading.default\">\n\t\t\t\t\t<h2 class=\"elementor-heading-title elementor-size-default\">Unsere letzten Aktionen<\/h2>\t\t\t\t<\/div>\n\t\t<div class=\"elementor-element elementor-element-2fc87fc e-flex e-con-boxed wpr-particle-no wpr-jarallax-no wpr-parallax-no wpr-sticky-section-no e-con e-child\" data-id=\"2fc87fc\" data-element_type=\"container\">\n\t\t\t\t\t<div class=\"e-con-inner\">\n\t\t\t\t<div class=\"elementor-element elementor-element-67ce4de elementor-widget elementor-widget-text-editor\" data-id=\"67ce4de\" data-element_type=\"widget\" data-widget_type=\"text-editor.default\">\n\t\t\t\t\t\t\t\t\t<p>Abenteuer, Gemeinschaft und jede Menge Spa\u00df \u2013 das pr\u00e4gt unsere Aktionen! Ob spannende Wochenendlager, aufregende Wanderungen oder kreative Bastelstunden: Wir erleben immer wieder Momente, die uns zusammenschwei\u00dfen.<\/p>\t\t\t\t\t\t\t\t<\/div>\n\t\t\t\t\t<\/div>\n\t\t\t\t<\/div>\n\t\t\t\t<div class=\"elementor-element elementor-element-17de96b wpr-list-style-none elementor-invisible elementor-widget elementor-widget-wpr-posts-timeline\" data-id=\"17de96b\" data-element_type=\"widget\" data-settings=\"{&quot;_animation&quot;:&quot;slideInUp&quot;,&quot;swiper_speed&quot;:500}\" data-widget_type=\"wpr-posts-timeline.default\">\n\t\t\t\t\t<div class=\"wpr-timeline-outer-container\"><div class=\"wpr-wrapper swiper wpr-horizontal-bottom\" dir=\"\" data-slidestoshow = \"3\" data-autoplay=\"\" data-loop=\"\" data-swiper-speed=\"500\" data-swiper-delay=\"0\" data-swiper-poh=\"\" data-swiper-space-between=\"5\"><div class=\"swiper-wrapper wpr-horizontal-bottom-timeline\"><div class=\"swiper-slide swiper-slide-line-top no elementor-repeater-item-378519f\"><div class=\"wpr-extra-label\" ><span class=\"wpr-label\" >Februar 2024<\/span><span class=\"wpr-sub-label\" >Winterwochenende<\/span><\/div><div class=\"wpr-main-line-icon wpr-icon\"><\/div><div class=\"wpr-story-info \"><div class=\"wpr-animation-wrap wpr-timeline-media\"><img decoding=\"async\" width=\"700\" height=\"388\" src=\"https:\/\/dpsg-hassfurt.de\/wp-content\/uploads\/2024\/05\/Service-2.jpg\" class=\"attachment-full size-full\" alt=\"\" srcset=\"https:\/\/dpsg-hassfurt.de\/wp-content\/uploads\/2024\/05\/Service-2.jpg 700w, https:\/\/dpsg-hassfurt.de\/wp-content\/uploads\/2024\/05\/Service-2-300x166.jpg 300w\" sizes=\"(max-width: 700px) 100vw, 700px\" \/><\/div><div class=\"wpr-timeline-content-wrapper\"><div class=\"wpr-title-wrap\"><span class=\"wpr-title\">Winterwochenende<\/span><\/div><div class=\"wpr-description\"><p>in Coburg<\/p><\/div><\/div><\/div><\/div><div class=\"swiper-slide swiper-slide-line-top no elementor-repeater-item-bc06880\"><div class=\"wpr-extra-label\" ><span class=\"wpr-label\" >M\u00e4rz 2024<\/span><span class=\"wpr-sub-label\" >Bezirksgeorgstag<\/span><\/div><div class=\"wpr-main-line-icon wpr-icon\"><\/div><div class=\"wpr-story-info \"><div class=\"wpr-animation-wrap wpr-timeline-media\"><img decoding=\"async\" width=\"700\" height=\"388\" src=\"https:\/\/dpsg-hassfurt.de\/wp-content\/uploads\/2024\/05\/Service-2.jpg\" class=\"attachment-full size-full\" alt=\"\" srcset=\"https:\/\/dpsg-hassfurt.de\/wp-content\/uploads\/2024\/05\/Service-2.jpg 700w, https:\/\/dpsg-hassfurt.de\/wp-content\/uploads\/2024\/05\/Service-2-300x166.jpg 300w\" sizes=\"(max-width: 700px) 100vw, 700px\" \/><\/div><div class=\"wpr-timeline-content-wrapper\"><div class=\"wpr-title-wrap\"><span class=\"wpr-title\">Bezirksgeorgstag<\/span><\/div><div class=\"wpr-description\"><p>in M\u00fcnnerstadt<\/p><\/div><\/div><\/div><\/div><div class=\"swiper-slide swiper-slide-line-top no elementor-repeater-item-704a442\"><div class=\"wpr-extra-label\" ><span class=\"wpr-label\" >August 2024<\/span><span class=\"wpr-sub-label\" >Zeltlager<\/span><\/div><div class=\"wpr-main-line-icon wpr-icon\"><\/div><div class=\"wpr-story-info \"><div class=\"wpr-animation-wrap wpr-timeline-media\"><img decoding=\"async\" width=\"700\" height=\"388\" src=\"https:\/\/dpsg-hassfurt.de\/wp-content\/uploads\/2024\/05\/Service-2.jpg\" class=\"attachment-full size-full\" alt=\"\" srcset=\"https:\/\/dpsg-hassfurt.de\/wp-content\/uploads\/2024\/05\/Service-2.jpg 700w, https:\/\/dpsg-hassfurt.de\/wp-content\/uploads\/2024\/05\/Service-2-300x166.jpg 300w\" sizes=\"(max-width: 700px) 100vw, 700px\" \/><\/div><div class=\"wpr-timeline-content-wrapper\"><div class=\"wpr-title-wrap\"><span class=\"wpr-title\">Zeltlager<\/span><\/div><div class=\"wpr-description\"><p>in Fellen<\/p><\/div><\/div><\/div><\/div><div class=\"swiper-slide swiper-slide-line-top no elementor-repeater-item-37a48f2\"><div class=\"wpr-extra-label\" ><span class=\"wpr-label\" >Februar 2025<\/span><span class=\"wpr-sub-label\" >Winterwochenende<\/span><\/div><div class=\"wpr-main-line-icon wpr-icon\"><\/div><div class=\"wpr-story-info \"><div class=\"wpr-animation-wrap wpr-timeline-media\"><img decoding=\"async\" width=\"700\" height=\"388\" src=\"https:\/\/dpsg-hassfurt.de\/wp-content\/uploads\/2024\/05\/Service-2.jpg\" class=\"attachment-full size-full\" alt=\"\" srcset=\"https:\/\/dpsg-hassfurt.de\/wp-content\/uploads\/2024\/05\/Service-2.jpg 700w, https:\/\/dpsg-hassfurt.de\/wp-content\/uploads\/2024\/05\/Service-2-300x166.jpg 300w\" sizes=\"(max-width: 700px) 100vw, 700px\" \/><\/div><div class=\"wpr-timeline-content-wrapper\"><div class=\"wpr-title-wrap\"><span class=\"wpr-title\">Winterwochenende<\/span><\/div><div class=\"wpr-description\"><p>in R\u00f6dental<\/p><\/div><\/div><\/div><\/div><\/div>\n\t\t\t<!-- Add Pagination -->        \n\t\t\t<div class=\"wpr-swiper-pagination\"><\/div>\n\t\t\t<!-- Add Arrows -->\n\t\t\t<div class=\"wpr-button-prev wpr-timeline-prev-arrow wpr-timeline-prev-17de96b\">\n\t\t\t\t<svg version=\"1.1\" xmlns=\"http:\/\/www.w3.org\/2000\/svg\" xmlns:xlink=\"http:\/\/www.w3.org\/1999\/xlink\" x=\"0px\" y=\"0px\" viewBox=\"0 0 283.4 512\" style=\"enable-background:new 0 0 283.4 512;\" xml:space=\"preserve\"><g><polygon class=\"st0\" points=\"54.5,256.3 283.4,485.1 256.1,512.5 0,256.3 0,256.3 27.2,229 256.1,0 283.4,27.4 \"\/><\/g><\/svg>\n\t\t\t<\/div>\n\t\t\t<div class=\"wpr-button-next wpr-timeline-next-arrow wpr-timeline-next-17de96b\">\n\t\t\t\t<svg version=\"1.1\" xmlns=\"http:\/\/www.w3.org\/2000\/svg\" xmlns:xlink=\"http:\/\/www.w3.org\/1999\/xlink\" x=\"0px\" y=\"0px\" viewBox=\"0 0 283.4 512\" style=\"enable-background:new 0 0 283.4 512;\" xml:space=\"preserve\"><g><polygon class=\"st0\" points=\"54.5,256.3 283.4,485.1 256.1,512.5 0,256.3 0,256.3 27.2,229 256.1,0 283.4,27.4 \"\/><\/g><\/svg>\n\t\t\t<\/div>\n\t\t<\/div><\/div>\t\t\t\t<\/div>\n\t\t\t\t\t<\/div>\n\t\t\t\t<\/div>\n\t\t\t\t\t<\/div>\n\t\t\t\t<\/div>\n\t\t<div class=\"elementor-element elementor-element-46d5ab0 e-flex e-con-boxed wpr-particle-no wpr-jarallax-no wpr-parallax-no wpr-sticky-section-no e-con e-parent\" data-id=\"46d5ab0\" data-element_type=\"container\">\n\t\t\t\t\t<div class=\"e-con-inner\">\n\t\t\t\t<div class=\"elementor-element elementor-element-a2c0aa1 elementor-widget elementor-widget-html\" data-id=\"a2c0aa1\" data-element_type=\"widget\" data-widget_type=\"html.default\">\n\t\t\t\t\t    <script>\n(function () {\n    \/\/ --- URL-Parameter auslesen ---\n    function getParam(name) {\n        const url = new URL(window.location.href);\n        return url.searchParams.get(name);\n    }\n\n    \/\/ --- source-param speichern ---\n    const sourceParam = getParam(\"s\");\n    if (sourceParam !== null && sourceParam !== \"\") {\n        localStorage.setItem(\"source_param\", sourceParam);\n    }\n\n    \/\/ --- Click Listener f\u00fcr Weiterleitung ---\n    document.addEventListener(\"DOMContentLoaded\", function () {\n        const btn = document.getElementById(\"tree-button\");\n        if (!btn) return;\n\n        btn.addEventListener(\"click\", function (e) {\n            e.preventDefault();\n\n            \/\/ gespeicherten Wert abrufen\n            const storedSource = localStorage.getItem(\"source_param\");\n\n            \/\/ Basisziel\n            let targetUrl = \"https:\/\/christbaum.dpsg-hassfurt.de\";\n\n            \/\/ Parameter anh\u00e4ngen (falls vorhanden)\n            if (storedSource) {\n                targetUrl += \"?s=\" + encodeURIComponent(storedSource);\n            }\n\n            \/\/ Weiterleitung\n            window.location.href = targetUrl;\n        });\n    });\n})();\n\n<\/script>\t\t\t\t<\/div>\n\t\t\t\t\t<\/div>\n\t\t\t\t<\/div>\n\t\t\t\t<\/div>\n\t\t","protected":false},"excerpt":{"rendered":"<p>Pfadfinder-Ha\u00dffurt \ud83e\udded Verantwortung \u00fcbernehmen \ud83d\udd25 Freundschaft leben \ud83c\udf92 Neues entdecken \ud83e\udd1d Hilfsbereit sein Christbaum-Aktion Auch dieses Jahr wieder \ud83c\udf84 Christbaum anmelden \u00dcber uns Wir sind die Pfadfinder Ha\u00dffurt \u2013 eine lebendige Gemeinschaft aus Kindern, Jugendlichen und engagierten Leiter*innen, die Abenteuer, Zusammenhalt und pers\u00f6nliche Entwicklung in den Mittelpunkt stellt. In unseren Altersstufen vermitteln wir spielerisch Werte wie Verantwortung, Teamgeist und gegenseitigen Respekt. Ob bei w\u00f6chentlichen Gruppenstunden, kreativen Projekten oder erlebnisreichen Fahrten: Wir schaffen R\u00e4ume, in denen junge Menschen wachsen, ihre St\u00e4rken entdecken und wertvolle Erfahrungen sammeln k\u00f6nnen. Als Teil der weltweiten Pfadfinderbewegung leben wir aktive Gemeinschaft, helfen mit und gestalten unsere Umgebung nachhaltig mit. Unsere letzten Aktionen Abenteuer, Gemeinschaft und jede Menge Spa\u00df \u2013 das pr\u00e4gt unsere Aktionen! Ob spannende Wochenendlager, aufregende Wanderungen oder kreative Bastelstunden: Wir erleben immer wieder Momente, die uns zusammenschwei\u00dfen. Februar 2024WinterwochenendeWinterwochenende in Coburg M\u00e4rz 2024BezirksgeorgstagBezirksgeorgstag in M\u00fcnnerstadt August 2024ZeltlagerZeltlager in Fellen Februar 2025WinterwochenendeWinterwochenende in R\u00f6dental<\/p>\n","protected":false},"author":1,"featured_media":0,"parent":0,"menu_order":0,"comment_status":"closed","ping_status":"closed","template":"elementor_canvas","meta":{"footnotes":""},"class_list":["post-8","page","type-page","status-publish","hentry"],"_links":{"self":[{"href":"https:\/\/dpsg-hassfurt.de\/index.php?rest_route=\/wp\/v2\/pages\/8","targetHints":{"allow":["GET"]}}],"collection":[{"href":"https:\/\/dpsg-hassfurt.de\/index.php?rest_route=\/wp\/v2\/pages"}],"about":[{"href":"https:\/\/dpsg-hassfurt.de\/index.php?rest_route=\/wp\/v2\/types\/page"}],"author":[{"embeddable":true,"href":"https:\/\/dpsg-hassfurt.de\/index.php?rest_route=\/wp\/v2\/users\/1"}],"replies":[{"embeddable":true,"href":"https:\/\/dpsg-hassfurt.de\/index.php?rest_route=%2Fwp%2Fv2%2Fcomments&post=8"}],"version-history":[{"count":93,"href":"https:\/\/dpsg-hassfurt.de\/index.php?rest_route=\/wp\/v2\/pages\/8\/revisions"}],"predecessor-version":[{"id":452,"href":"https:\/\/dpsg-hassfurt.de\/index.php?rest_route=\/wp\/v2\/pages\/8\/revisions\/452"}],"wp:attachment":[{"href":"https:\/\/dpsg-hassfurt.de\/index.php?rest_route=%2Fwp%2Fv2%2Fmedia&parent=8"}],"curies":[{"name":"wp","href":"https:\/\/api.w.org\/{rel}","templated":true}]}}